{"id":803,"date":"2025-03-23T20:48:55","date_gmt":"2025-03-23T20:48:55","guid":{"rendered":"https:\/\/viveahora.es\/property-view\/"},"modified":"2025-07-17T15:07:23","modified_gmt":"2025-07-17T15:07:23","slug":"property-view","status":"publish","type":"page","link":"https:\/\/viveahora.es\/lt\/property-view\/","title":{"rendered":"Objektas"},"content":{"rendered":"\t\t<div data-elementor-type=\"wp-page\" data-elementor-id=\"803\" class=\"elementor elementor-803 elementor-301\" data-elementor-post-type=\"page\">\n\t\t\t\t<div class=\"elementor-element elementor-element-52a8bd67 e-flex e-con-boxed e-con e-parent\" data-id=\"52a8bd67\" data-element_type=\"container\" data-e-type=\"container\">\n\t\t\t\t\t<div class=\"e-con-inner\">\n\t\t\t\t<div class=\"elementor-element elementor-element-6779d6f6 elementor-widget elementor-widget-shortcode\" data-id=\"6779d6f6\" data-element_type=\"widget\" data-e-type=\"widget\" data-widget_type=\"shortcode.default\">\n\t\t\t\t<div class=\"elementor-widget-container\">\n\t\t\t\t\t\t\t<div class=\"elementor-shortcode\">\n\t\t\t\t<div class=\"rs-panel rs-red\">\n\t\t\t\t<h3>Error<\/h3>\n\t\t\t\t<p>Sorry, but there has been as error<\/p>\n\t\t\t  <\/div> <\/div>\n\t\t\t\t\t\t<\/div>\n\t\t\t\t<\/div>\n\t\t\t\t\t<\/div>\n\t\t\t\t<\/div>\n\t\t\t\t<\/div>\n\t\t","protected":false},"excerpt":{"rendered":"","protected":false},"author":1,"featured_media":0,"parent":0,"menu_order":0,"comment_status":"closed","ping_status":"closed","template":"","meta":{"_acf_changed":false,"inline_featured_image":false,"footnotes":""},"class_list":["post-803","page","type-page","status-publish","hentry"],"acf":[],"yoast_head":"<!-- This site is optimized with the Yoast SEO plugin v27.4 - https:\/\/yoast.com\/product\/yoast-seo-wordpress\/ -->\n<title>Nekilnojamojo turto pasi\u016blymas Ispanijoje | Vive Ahora Homes<\/title>\n<meta name=\"description\" content=\"Nekilnojamojo turto pasi\u016blymas Ispanijoje \u2013 nuotraukos, ypatyb\u0117s ir informacija apie vietov\u0119. Atraskite savo svajoni\u0173 b\u016bst\u0105 Costa del Sol su Vive Ahora.\" \/>\n<meta name=\"robots\" content=\"index, follow, max-snippet:-1, max-image-preview:large, max-video-preview:-1\" \/>\n<link rel=\"canonical\" href=\"https:\/\/viveahora.es\/lt\/property-view\/\" \/>\n<meta property=\"og:locale\" content=\"lt_LT\" \/>\n<meta property=\"og:type\" content=\"article\" \/>\n<meta property=\"og:title\" content=\"Nekilnojamojo turto pasi\u016blymas Ispanijoje | Vive Ahora Homes\" \/>\n<meta property=\"og:description\" content=\"Nekilnojamojo turto pasi\u016blymas Ispanijoje \u2013 nuotraukos, ypatyb\u0117s ir informacija apie vietov\u0119. Atraskite savo svajoni\u0173 b\u016bst\u0105 Costa del Sol su Vive Ahora.\" \/>\n<meta property=\"og:url\" content=\"https:\/\/viveahora.es\/lt\/property-view\/\" \/>\n<meta property=\"og:site_name\" content=\"Vive Ahora\" \/>\n<meta property=\"article:modified_time\" content=\"2025-07-17T15:07:23+00:00\" \/>\n<meta name=\"twitter:card\" content=\"summary_large_image\" \/>\n<meta name=\"twitter:label1\" content=\"Est. reading time\" \/>\n\t<meta name=\"twitter:data1\" content=\"1 minut\u0117\" \/>\n<script type=\"application\/ld+json\" class=\"yoast-schema-graph\">{\"@context\":\"https:\\\/\\\/schema.org\",\"@graph\":[{\"@type\":\"WebPage\",\"@id\":\"https:\\\/\\\/viveahora.es\\\/lt\\\/property-view\\\/\",\"url\":\"https:\\\/\\\/viveahora.es\\\/lt\\\/property-view\\\/\",\"name\":\"Nekilnojamojo turto pasi\u016blymas Ispanijoje | Vive Ahora Homes\",\"isPartOf\":{\"@id\":\"https:\\\/\\\/viveahora.es\\\/#website\"},\"datePublished\":\"2025-03-23T20:48:55+00:00\",\"dateModified\":\"2025-07-17T15:07:23+00:00\",\"description\":\"Nekilnojamojo turto pasi\u016blymas Ispanijoje \u2013 nuotraukos, ypatyb\u0117s ir informacija apie vietov\u0119. Atraskite savo svajoni\u0173 b\u016bst\u0105 Costa del Sol su Vive Ahora.\",\"breadcrumb\":{\"@id\":\"https:\\\/\\\/viveahora.es\\\/lt\\\/property-view\\\/#breadcrumb\"},\"inLanguage\":\"lt-LT\",\"potentialAction\":[{\"@type\":\"ReadAction\",\"target\":[\"https:\\\/\\\/viveahora.es\\\/lt\\\/property-view\\\/\"]}]},{\"@type\":\"BreadcrumbList\",\"@id\":\"https:\\\/\\\/viveahora.es\\\/lt\\\/property-view\\\/#breadcrumb\",\"itemListElement\":[{\"@type\":\"ListItem\",\"position\":1,\"name\":\"Home\",\"item\":\"https:\\\/\\\/viveahora.es\\\/\"},{\"@type\":\"ListItem\",\"position\":2,\"name\":\"Objektas\"}]},{\"@type\":\"WebSite\",\"@id\":\"https:\\\/\\\/viveahora.es\\\/#website\",\"url\":\"https:\\\/\\\/viveahora.es\\\/\",\"name\":\"Vive Ahora\",\"description\":\"MAKE SPACE FOR THE LIFE YOU WANT\",\"potentialAction\":[{\"@type\":\"SearchAction\",\"target\":{\"@type\":\"EntryPoint\",\"urlTemplate\":\"https:\\\/\\\/viveahora.es\\\/?s={search_term_string}\"},\"query-input\":{\"@type\":\"PropertyValueSpecification\",\"valueRequired\":true,\"valueName\":\"search_term_string\"}}],\"inLanguage\":\"lt-LT\"}]}<\/script>\n<!-- \/ Yoast SEO plugin. -->","yoast_head_json":{"title":"Nekilnojamojo turto pasi\u016blymas Ispanijoje | Vive Ahora Homes","description":"Nekilnojamojo turto pasi\u016blymas Ispanijoje \u2013 nuotraukos, ypatyb\u0117s ir informacija apie vietov\u0119. Atraskite savo svajoni\u0173 b\u016bst\u0105 Costa del Sol su Vive Ahora.","robots":{"index":"index","follow":"follow","max-snippet":"max-snippet:-1","max-image-preview":"max-image-preview:large","max-video-preview":"max-video-preview:-1"},"canonical":"https:\/\/viveahora.es\/lt\/property-view\/","og_locale":"lt_LT","og_type":"article","og_title":"Nekilnojamojo turto pasi\u016blymas Ispanijoje | Vive Ahora Homes","og_description":"Nekilnojamojo turto pasi\u016blymas Ispanijoje \u2013 nuotraukos, ypatyb\u0117s ir informacija apie vietov\u0119. Atraskite savo svajoni\u0173 b\u016bst\u0105 Costa del Sol su Vive Ahora.","og_url":"https:\/\/viveahora.es\/lt\/property-view\/","og_site_name":"Vive Ahora","article_modified_time":"2025-07-17T15:07:23+00:00","twitter_card":"summary_large_image","twitter_misc":{"Est. reading time":"1 minut\u0117"},"schema":{"@context":"https:\/\/schema.org","@graph":[{"@type":"WebPage","@id":"https:\/\/viveahora.es\/lt\/property-view\/","url":"https:\/\/viveahora.es\/lt\/property-view\/","name":"Nekilnojamojo turto pasi\u016blymas Ispanijoje | Vive Ahora Homes","isPartOf":{"@id":"https:\/\/viveahora.es\/#website"},"datePublished":"2025-03-23T20:48:55+00:00","dateModified":"2025-07-17T15:07:23+00:00","description":"Nekilnojamojo turto pasi\u016blymas Ispanijoje \u2013 nuotraukos, ypatyb\u0117s ir informacija apie vietov\u0119. Atraskite savo svajoni\u0173 b\u016bst\u0105 Costa del Sol su Vive Ahora.","breadcrumb":{"@id":"https:\/\/viveahora.es\/lt\/property-view\/#breadcrumb"},"inLanguage":"lt-LT","potentialAction":[{"@type":"ReadAction","target":["https:\/\/viveahora.es\/lt\/property-view\/"]}]},{"@type":"BreadcrumbList","@id":"https:\/\/viveahora.es\/lt\/property-view\/#breadcrumb","itemListElement":[{"@type":"ListItem","position":1,"name":"Home","item":"https:\/\/viveahora.es\/"},{"@type":"ListItem","position":2,"name":"Objektas"}]},{"@type":"WebSite","@id":"https:\/\/viveahora.es\/#website","url":"https:\/\/viveahora.es\/","name":"Vive Ahora","description":"MAKE SPACE FOR THE LIFE YOU WANT","potentialAction":[{"@type":"SearchAction","target":{"@type":"EntryPoint","urlTemplate":"https:\/\/viveahora.es\/?s={search_term_string}"},"query-input":{"@type":"PropertyValueSpecification","valueRequired":true,"valueName":"search_term_string"}}],"inLanguage":"lt-LT"}]}},"_links":{"self":[{"href":"https:\/\/viveahora.es\/lt\/wp-json\/wp\/v2\/pages\/803","targetHints":{"allow":["GET"]}}],"collection":[{"href":"https:\/\/viveahora.es\/lt\/wp-json\/wp\/v2\/pages"}],"about":[{"href":"https:\/\/viveahora.es\/lt\/wp-json\/wp\/v2\/types\/page"}],"author":[{"embeddable":true,"href":"https:\/\/viveahora.es\/lt\/wp-json\/wp\/v2\/users\/1"}],"replies":[{"embeddable":true,"href":"https:\/\/viveahora.es\/lt\/wp-json\/wp\/v2\/comments?post=803"}],"version-history":[{"count":4,"href":"https:\/\/viveahora.es\/lt\/wp-json\/wp\/v2\/pages\/803\/revisions"}],"predecessor-version":[{"id":891,"href":"https:\/\/viveahora.es\/lt\/wp-json\/wp\/v2\/pages\/803\/revisions\/891"}],"wp:attachment":[{"href":"https:\/\/viveahora.es\/lt\/wp-json\/wp\/v2\/media?parent=803"}],"curies":[{"name":"wp","href":"https:\/\/api.w.org\/{rel}","templated":true}]}}