{"id":806,"date":"2025-03-05T20:02:20","date_gmt":"2025-03-05T20:02:20","guid":{"rendered":"https:\/\/viveahora.es\/contacts\/"},"modified":"2025-07-29T11:07:18","modified_gmt":"2025-07-29T11:07:18","slug":"kontaktai","status":"publish","type":"page","link":"https:\/\/viveahora.es\/lt\/kontaktai\/","title":{"rendered":"Kontaktai"},"content":{"rendered":"\t\t<div data-elementor-type=\"wp-page\" data-elementor-id=\"806\" class=\"elementor elementor-806 elementor-170\" data-elementor-post-type=\"page\">\n\t\t\t\t<div class=\"elementor-element elementor-element-1e0fadc e-flex e-con-boxed e-con e-parent\" data-id=\"1e0fadc\" data-element_type=\"container\" data-e-type=\"container\" data-settings=\"{&quot;background_background&quot;:&quot;classic&quot;}\">\n\t\t\t\t\t<div class=\"e-con-inner\">\n\t\t<div class=\"elementor-element elementor-element-1893977 e-grid e-con-full e-con e-child\" data-id=\"1893977\" data-element_type=\"container\" data-e-type=\"container\">\n\t\t<div class=\"elementor-element elementor-element-5e0d7c5 e-con-full e-flex e-con e-child\" data-id=\"5e0d7c5\" data-element_type=\"container\" data-e-type=\"container\">\n\t\t\t\t<div class=\"elementor-element elementor-element-55d878c elementor-widget elementor-widget-heading\" data-id=\"55d878c\" data-element_type=\"widget\" data-e-type=\"widget\" data-widget_type=\"heading.default\">\n\t\t\t\t<div class=\"elementor-widget-container\">\n\t\t\t\t\t<h1 class=\"elementor-heading-title elementor-size-default\">Kontaktai<\/h1>\t\t\t\t<\/div>\n\t\t\t\t<\/div>\n\t\t\t\t<div class=\"elementor-element elementor-element-a2692b4 elementor-widget__width-initial elementor-widget elementor-widget-text-editor\" data-id=\"a2692b4\" data-element_type=\"widget\" data-e-type=\"widget\" data-widget_type=\"text-editor.default\">\n\t\t\t\t<div class=\"elementor-widget-container\">\n\t\t\t\t\t\t\t\t\t<p><span style=\"font-weight: 400;\">Atsi\u0173skite \u017einut\u0119 su savo norais ir reikalavimais, ir m\u016bs\u0173 komanda susisieks su jumis kuo grei\u010diau.<\/span><\/p>\t\t\t\t\t\t\t\t<\/div>\n\t\t\t\t<\/div>\n\t\t\t\t<\/div>\n\t\t\t\t<div class=\"elementor-element elementor-element-42fa375 elementor-hidden-tablet elementor-hidden-mobile elementor-widget elementor-widget-image\" data-id=\"42fa375\" data-element_type=\"widget\" data-e-type=\"widget\" data-widget_type=\"image.default\">\n\t\t\t\t<div class=\"elementor-widget-container\">\n\t\t\t\t\t\t\t\t\t\t\t\t\t\t\t<img fetchpriority=\"high\" decoding=\"async\" width=\"477\" height=\"369\" src=\"https:\/\/viveahora.es\/wp-content\/uploads\/2025\/03\/Group-123.png\" class=\"attachment-large size-large wp-image-736\" alt=\"\" srcset=\"https:\/\/viveahora.es\/wp-content\/uploads\/2025\/03\/Group-123.png 477w, https:\/\/viveahora.es\/wp-content\/uploads\/2025\/03\/Group-123-300x232.png 300w\" sizes=\"(max-width: 477px) 100vw, 477px\" \/>\t\t\t\t\t\t\t\t\t\t\t\t\t\t\t<\/div>\n\t\t\t\t<\/div>\n\t\t\t\t<\/div>\n\t\t<div class=\"elementor-element elementor-element-f45d6f9 e-grid e-con-full e-con e-child\" data-id=\"f45d6f9\" data-element_type=\"container\" data-e-type=\"container\">\n\t\t<div class=\"elementor-element elementor-element-14c9afe e-con-full e-flex e-con e-child\" data-id=\"14c9afe\" data-element_type=\"container\" data-e-type=\"container\">\n\t\t\t\t<div class=\"elementor-element elementor-element-326fbba elementor-widget elementor-widget-heading\" data-id=\"326fbba\" data-element_type=\"widget\" data-e-type=\"widget\" data-widget_type=\"heading.default\">\n\t\t\t\t<div class=\"elementor-widget-container\">\n\t\t\t\t\t<span class=\"elementor-heading-title elementor-size-default\"><a href=\"mailto:hola@viveahora.es\">hola@viveahora.es<\/a><\/span>\t\t\t\t<\/div>\n\t\t\t\t<\/div>\n\t\t\t\t<div class=\"elementor-element elementor-element-8086092 elementor-widget elementor-widget-heading\" data-id=\"8086092\" data-element_type=\"widget\" data-e-type=\"widget\" data-widget_type=\"heading.default\">\n\t\t\t\t<div class=\"elementor-widget-container\">\n\t\t\t\t\t<span class=\"elementor-heading-title elementor-size-default\"><a href=\"tel:+34%20621%2019%2064%2070\">+34 621 19 64 70<\/a><\/span>\t\t\t\t<\/div>\n\t\t\t\t<\/div>\n\t\t\t\t<div class=\"elementor-element elementor-element-2a4a0e1 elementor-widget__width-initial elementor-widget elementor-widget-text-editor\" data-id=\"2a4a0e1\" data-element_type=\"widget\" data-e-type=\"widget\" data-widget_type=\"text-editor.default\">\n\t\t\t\t<div class=\"elementor-widget-container\">\n\t\t\t\t\t\t\t\t\t<p><span style=\"font-weight: 400;\">Vive Ahora Homes komanda pasiruo\u0161usi pad\u0117ti jums rasti svajoni\u0173 namus nuostabiame Costa del Sol regione. Nesvarbu, ar ie\u0161kote prabangios vilos Marbeljoje, jaukaus buto Malagoje, ar ramyb\u0117s oaz\u0117s Sotogrande \u2013 mes jums pad\u0117sime kiekviename \u017eingsnyje.<\/span><\/p><p>\u00a0<\/p><p><span style=\"font-weight: 400;\">Vertiname asmeninius ry\u0161ius ir u\u017etikriname, kad j\u016bs\u0173 nekilnojamojo turto kelion\u0117 b\u016bt\u0173 sklandi ir maloni. Jei turite klausim\u0173, norite gauti ekspertini\u0173 patarim\u0173 arba susiderinti ap\u017ei\u016br\u0105, nedvejodami kreipkit\u0117s \u012f mus. J\u016bs\u0173 tobuli namai tikrai laukia, o mes d\u017eiaugiam\u0117s gal\u0117dami pad\u0117ti j\u012f rasti.<\/span><\/p>\t\t\t\t\t\t\t\t<\/div>\n\t\t\t\t<\/div>\n\t\t\t\t<\/div>\n\t\t\t\t<div class=\"elementor-element elementor-element-fa406fb elementor-widget elementor-widget-shortcode\" data-id=\"fa406fb\" data-element_type=\"widget\" data-e-type=\"widget\" data-widget_type=\"shortcode.default\">\n\t\t\t\t<div class=\"elementor-widget-container\">\n\t\t\t\t\t\t\t<div class=\"elementor-shortcode\">\n<div class=\"wpcf7 no-js\" id=\"wpcf7-f837-o1\" lang=\"lt-LT\" dir=\"ltr\" data-wpcf7-id=\"837\">\n<div class=\"screen-reader-response\"><p role=\"status\" aria-live=\"polite\" aria-atomic=\"true\"><\/p> <ul><\/ul><\/div>\n<form action=\"\/lt\/wp-json\/wp\/v2\/pages\/806#wpcf7-f837-o1\" method=\"post\" class=\"wpcf7-form init\" aria-label=\"Kontakt\u0173 forma\" novalidate=\"novalidate\" data-status=\"init\">\n<div style=\"display: none;\">\n<input type=\"hidden\" name=\"_wpcf7\" value=\"837\" \/>\n<input type=\"hidden\" name=\"_wpcf7_version\" value=\"6.0.6\" \/>\n<input type=\"hidden\" name=\"_wpcf7_locale\" value=\"lt_LT\" \/>\n<input type=\"hidden\" name=\"_wpcf7_unit_tag\" value=\"wpcf7-f837-o1\" \/>\n<input type=\"hidden\" name=\"_wpcf7_container_post\" value=\"0\" \/>\n<input type=\"hidden\" name=\"_wpcf7_posted_data_hash\" value=\"\" \/>\n<\/div>\n<div class=\"contact-form\">\n\t<div class=\"input-wrap\">\n\t\t<p><span class=\"wpcf7-form-control-wrap\" data-name=\"text-name\"><input size=\"40\" maxlength=\"400\" class=\"wpcf7-form-control wpcf7-text wpcf7-validates-as-required\" aria-required=\"true\" aria-invalid=\"false\" placeholder=\"Vardas ir pavard\u0117\" value=\"\" type=\"text\" name=\"text-name\" \/><\/span>\n\t\t<\/p>\n\t<\/div>\n\t<div class=\"row\">\n\t\t<div class=\"input-wrap\">\n\t\t\t<p><span class=\"wpcf7-form-control-wrap\" data-name=\"text-email\"><input size=\"40\" maxlength=\"400\" class=\"wpcf7-form-control wpcf7-email wpcf7-validates-as-required wpcf7-text wpcf7-validates-as-email\" aria-required=\"true\" aria-invalid=\"false\" placeholder=\"El. pa\u0161tas\" value=\"\" type=\"email\" name=\"text-email\" \/><\/span>\n\t\t\t<\/p>\n\t\t<\/div>\n\t\t<div class=\"input-wrap\">\n\t\t\t<p><span class=\"wpcf7-form-control-wrap\" data-name=\"text-phone\"><input size=\"40\" maxlength=\"400\" class=\"wpcf7-form-control wpcf7-tel wpcf7-validates-as-required wpcf7-text wpcf7-validates-as-tel\" aria-required=\"true\" aria-invalid=\"false\" placeholder=\"Tel. numeris\" value=\"\" type=\"tel\" name=\"text-phone\" \/><\/span>\n\t\t\t<\/p>\n\t\t<\/div>\n\t<\/div>\n\t<div class=\"input-wrap\">\n\t\t<p><span class=\"wpcf7-form-control-wrap\" data-name=\"text-requiremenets\"><input size=\"40\" maxlength=\"400\" class=\"wpcf7-form-control wpcf7-text\" aria-invalid=\"false\" placeholder=\"J\u016bs\u0173 pageidavimai, kriterijai\" value=\"\" type=\"text\" name=\"text-requiremenets\" \/><\/span>\n\t\t<\/p>\n\t<\/div>\n<\/div>\n<p><button type=\"submit\" class=\"wpcf7-submit\"><span>Si\u0173sti \u017einut\u0119<\/span> <svg xmlns=\"http:\/\/www.w3.org\/2000\/svg\" width=\"18\" height=\"16\" viewBox=\"0 0 18 16\" fill=\"none\">\n  <path d=\"M0 15.5V0.5L17.7958 8L0 15.5ZM1.15385 13.7692L14.8269 8L1.15385 2.23077V6.71288L6.74567 8L1.15385 9.28712V13.7692Z\" fill=\"white\"\/>\n<\/svg><\/button><br \/>\n<img decoding=\"async\" class=\"ajax-loader\" src=\"\/wp-content\/plugins\/contact-form-7\/images\/ajax-loader.gif\" alt=\"Sending ...\" style=\"visibility: hidden; opacity: 1;\" \/>\n<\/p><div class=\"wpcf7-response-output\" aria-hidden=\"true\"><\/div>\n<\/form>\n<\/div>\n<\/div>\n\t\t\t\t\t\t<\/div>\n\t\t\t\t<\/div>\n\t\t\t\t<\/div>\n\t\t\t\t\t<\/div>\n\t\t\t\t<\/div>\n\t\t<div class=\"elementor-element elementor-element-58e76e1 e-grid e-con-boxed e-con e-parent\" data-id=\"58e76e1\" data-element_type=\"container\" data-e-type=\"container\" data-settings=\"{&quot;background_background&quot;:&quot;classic&quot;}\">\n\t\t\t\t\t<div class=\"e-con-inner\">\n\t\t<div class=\"elementor-element elementor-element-4834d1b e-con-full e-flex e-con e-child\" data-id=\"4834d1b\" data-element_type=\"container\" data-e-type=\"container\">\n\t\t\t\t<div class=\"elementor-element elementor-element-da27815 elementor-widget__width-initial elementor-widget elementor-widget-heading\" data-id=\"da27815\" data-element_type=\"widget\" data-e-type=\"widget\" data-widget_type=\"heading.default\">\n\t\t\t\t<div class=\"elementor-widget-container\">\n\t\t\t\t\t<h2 class=\"elementor-heading-title elementor-size-default\">Neradote tai, ko ie\u0161kojote? Susisiekite.<\/h2>\t\t\t\t<\/div>\n\t\t\t\t<\/div>\n\t\t\t\t<div class=\"elementor-element elementor-element-9dd7112 elementor-widget__width-initial elementor-widget elementor-widget-text-editor\" data-id=\"9dd7112\" data-element_type=\"widget\" data-e-type=\"widget\" data-widget_type=\"text-editor.default\">\n\t\t\t\t<div class=\"elementor-widget-container\">\n\t\t\t\t\t\t\t\t\t<p><span style=\"font-weight: 400;\">Para\u0161ykite \u2013 mes pasir\u016bpinsime tolimesniais \u017eingsniais.<\/span><\/p><p>\u00a0<\/p><p><span style=\"font-weight: 400;\">Gausite atrinkt\u0173 objekt\u0173 pasi\u016blymus ir naujus skelbimus, pritaikytus pagal j\u016bs\u0173 pageidavimus, tiesiai \u012f savo el. pa\u0161t\u0105.<\/span><\/p>\t\t\t\t\t\t\t\t<\/div>\n\t\t\t\t<\/div>\n\t\t\t\t<div class=\"elementor-element elementor-element-ce26f01 elementor-widget elementor-widget-image\" data-id=\"ce26f01\" data-element_type=\"widget\" data-e-type=\"widget\" data-widget_type=\"image.default\">\n\t\t\t\t<div class=\"elementor-widget-container\">\n\t\t\t\t\t\t\t\t\t\t\t\t\t\t\t<img decoding=\"async\" width=\"97\" height=\"9\" src=\"https:\/\/viveahora.es\/wp-content\/uploads\/2025\/03\/Vector-24.svg\" class=\"attachment-large size-large wp-image-737\" alt=\"\" \/>\t\t\t\t\t\t\t\t\t\t\t\t\t\t\t<\/div>\n\t\t\t\t<\/div>\n\t\t\t\t<\/div>\n\t\t<div class=\"elementor-element elementor-element-ce53d53 e-con-full e-flex e-con e-child\" data-id=\"ce53d53\" data-element_type=\"container\" data-e-type=\"container\">\n\t\t\t\t<div class=\"elementor-element elementor-element-4210f8a elementor-widget elementor-widget-shortcode\" data-id=\"4210f8a\" data-element_type=\"widget\" data-e-type=\"widget\" data-widget_type=\"shortcode.default\">\n\t\t\t\t<div class=\"elementor-widget-container\">\n\t\t\t\t\t\t\t<div class=\"elementor-shortcode\">\n<div class=\"wpcf7 no-js\" id=\"wpcf7-f833-o2\" lang=\"lt-LT\" dir=\"ltr\" data-wpcf7-id=\"833\">\n<div class=\"screen-reader-response\"><p role=\"status\" aria-live=\"polite\" aria-atomic=\"true\"><\/p> <ul><\/ul><\/div>\n<form action=\"\/lt\/wp-json\/wp\/v2\/pages\/806#wpcf7-f833-o2\" method=\"post\" class=\"wpcf7-form init\" aria-label=\"Kontakt\u0173 forma\" novalidate=\"novalidate\" data-status=\"init\">\n<div style=\"display: none;\">\n<input type=\"hidden\" name=\"_wpcf7\" value=\"833\" \/>\n<input type=\"hidden\" name=\"_wpcf7_version\" value=\"6.0.6\" \/>\n<input type=\"hidden\" name=\"_wpcf7_locale\" value=\"lt_LT\" \/>\n<input type=\"hidden\" name=\"_wpcf7_unit_tag\" value=\"wpcf7-f833-o2\" \/>\n<input type=\"hidden\" name=\"_wpcf7_container_post\" value=\"0\" \/>\n<input type=\"hidden\" name=\"_wpcf7_posted_data_hash\" value=\"\" \/>\n<\/div>\n<div class=\"contact-form light-form\">\n\t<p>Koks j\u016bs\u0173 biud\u017eetas?\n\t<\/p>\n\t<p><span class=\"wpcf7-form-control-wrap\" data-name=\"radio-966\"><span class=\"wpcf7-form-control wpcf7-radio\"><span class=\"wpcf7-list-item first\"><label><input type=\"radio\" name=\"radio-966\" value=\"250 000 \u2013 300 000 \u20ac\" \/><span class=\"wpcf7-list-item-label\">250 000 \u2013 300 000 \u20ac<\/span><\/label><\/span><span class=\"wpcf7-list-item\"><label><input type=\"radio\" name=\"radio-966\" value=\"300 000 \u2013 500 000 \u20ac\" \/><span class=\"wpcf7-list-item-label\">300 000 \u2013 500 000 \u20ac<\/span><\/label><\/span><span class=\"wpcf7-list-item last\"><label><input type=\"radio\" name=\"radio-966\" value=\"Vir\u0161 500 000 \u20ac\" \/><span class=\"wpcf7-list-item-label\">Vir\u0161 500 000 \u20ac<\/span><\/label><\/span><\/span><\/span>\n\t<\/p>\n\t<p>Ar turite koki\u0173 nors b\u016btin\u0173 reikalavim\u0173 ar ypating\u0173 pageidavim\u0173?\n\t<\/p>\n\t<div class=\"input-wrap\">\n\t\t<p><span class=\"wpcf7-form-control-wrap\" data-name=\"text-preferences\"><input size=\"40\" maxlength=\"400\" class=\"wpcf7-form-control wpcf7-text wpcf7-validates-as-required\" aria-required=\"true\" aria-invalid=\"false\" placeholder=\"Pvz., vaizdas \u012f j\u016br\u0105, naujas projektas, p\u0117s\u010diomis pasiekiama papl\u016bdimys ir kt.\" value=\"\" type=\"text\" name=\"text-preferences\" \/><\/span>\n\t\t<\/p>\n\t<\/div>\n\t<div class=\"input-wrap\">\n\t\t<p><span class=\"wpcf7-form-control-wrap\" data-name=\"text-name\"><input size=\"40\" maxlength=\"400\" class=\"wpcf7-form-control wpcf7-text wpcf7-validates-as-required\" aria-required=\"true\" aria-invalid=\"false\" placeholder=\"J\u016bs\u0173 vardas\" value=\"\" type=\"text\" name=\"text-name\" \/><\/span>\n\t\t<\/p>\n\t<\/div>\n\t<div class=\"input-wrap\">\n\t\t<p><span class=\"wpcf7-form-control-wrap\" data-name=\"text-email\"><input size=\"40\" maxlength=\"400\" class=\"wpcf7-form-control wpcf7-email wpcf7-validates-as-required wpcf7-text wpcf7-validates-as-email\" aria-required=\"true\" aria-invalid=\"false\" placeholder=\"El. pa\u0161tas\" value=\"\" type=\"email\" name=\"text-email\" \/><\/span>\n\t\t<\/p>\n\t<\/div>\n\t<div class=\"input-wrap\">\n\t\t<p><span class=\"wpcf7-form-control-wrap\" data-name=\"text-phone\"><input size=\"40\" maxlength=\"400\" class=\"wpcf7-form-control wpcf7-tel wpcf7-validates-as-required wpcf7-text wpcf7-validates-as-tel\" aria-required=\"true\" aria-invalid=\"false\" placeholder=\"Telefonas (+XX)\" value=\"\" type=\"tel\" name=\"text-phone\" \/><\/span>\n\t\t<\/p>\n\t<\/div>\n<\/div>\n<p><button type=\"submit\" class=\"wpcf7-submit\"><span>Si\u0173sti<\/span> <svg xmlns=\"http:\/\/www.w3.org\/2000\/svg\" width=\"18\" height=\"16\" viewBox=\"0 0 18 16\" fill=\"none\">\n  <path d=\"M0 15.5V0.5L17.7958 8L0 15.5ZM1.15385 13.7692L14.8269 8L1.15385 2.23077V6.71288L6.74567 8L1.15385 9.28712V13.7692Z\" fill=\"white\"\/>\n<\/svg><\/button><br \/>\n<img decoding=\"async\" class=\"ajax-loader\" src=\"\/wp-content\/plugins\/contact-form-7\/images\/ajax-loader.gif\" alt=\"Sending ...\" style=\"visibility: hidden; opacity: 1;\" \/>\n<\/p><div class=\"wpcf7-response-output\" aria-hidden=\"true\"><\/div>\n<\/form>\n<\/div>\n<\/div>\n\t\t\t\t\t\t<\/div>\n\t\t\t\t<\/div>\n\t\t\t\t<\/div>\n\t\t\t\t\t<\/div>\n\t\t\t\t<\/div>\n\t\t\t\t<\/div>\n\t\t","protected":false},"excerpt":{"rendered":"<p>Kontaktai Atsi\u0173skite \u017einut\u0119 su savo norais ir reikalavimais, ir m\u016bs\u0173 komanda susisieks su jumis kuo grei\u010diau. hola@viveahora.es +34 621 19 64 70 Vive Ahora Homes komanda pasiruo\u0161usi pad\u0117ti jums rasti svajoni\u0173 namus nuostabiame Costa del Sol regione. Nesvarbu, ar ie\u0161kote prabangios vilos Marbeljoje, jaukaus buto Malagoje, ar ramyb\u0117s oaz\u0117s Sotogrande \u2013 mes jums pad\u0117sime kiekviename [&hellip;]<\/p>\n","protected":false},"author":1,"featured_media":0,"parent":0,"menu_order":0,"comment_status":"closed","ping_status":"closed","template":"","meta":{"_acf_changed":false,"inline_featured_image":false,"footnotes":""},"class_list":["post-806","page","type-page","status-publish","hentry"],"acf":[],"yoast_head":"<!-- This site is optimized with the Yoast SEO plugin v27.4 - https:\/\/yoast.com\/product\/yoast-seo-wordpress\/ -->\n<title>Susisiekite su mumis | Vive Ahora \u2013 J\u016bs\u0173 partneris Ispanijoje<\/title>\n<meta name=\"description\" content=\"Turite klausim\u0173 apie nekilnojam\u0105j\u012f turt\u0105 Ispanijoje? Susisiekite \u2013 pad\u0117sime rasti geriausi\u0105 sprendim\u0105 gyvenimui ar investicijoms Costa del Sol regione.\" \/>\n<meta name=\"robots\" content=\"index, follow, max-snippet:-1, max-image-preview:large, max-video-preview:-1\" \/>\n<link rel=\"canonical\" href=\"https:\/\/viveahora.es\/lt\/kontaktai\/\" \/>\n<meta property=\"og:locale\" content=\"lt_LT\" \/>\n<meta property=\"og:type\" content=\"article\" \/>\n<meta property=\"og:title\" content=\"Susisiekite su mumis | Vive Ahora \u2013 J\u016bs\u0173 partneris Ispanijoje\" \/>\n<meta property=\"og:description\" content=\"Turite klausim\u0173 apie nekilnojam\u0105j\u012f turt\u0105 Ispanijoje? Susisiekite \u2013 pad\u0117sime rasti geriausi\u0105 sprendim\u0105 gyvenimui ar investicijoms Costa del Sol regione.\" \/>\n<meta property=\"og:url\" content=\"https:\/\/viveahora.es\/lt\/kontaktai\/\" \/>\n<meta property=\"og:site_name\" content=\"Vive Ahora\" \/>\n<meta property=\"article:modified_time\" content=\"2025-07-29T11:07:18+00:00\" \/>\n<meta property=\"og:image\" content=\"https:\/\/viveahora.es\/wp-content\/uploads\/2025\/03\/Group-123.png\" \/>\n\t<meta property=\"og:image:width\" content=\"477\" \/>\n\t<meta property=\"og:image:height\" content=\"369\" \/>\n\t<meta property=\"og:image:type\" content=\"image\/png\" \/>\n<meta name=\"twitter:card\" content=\"summary_large_image\" \/>\n<meta name=\"twitter:label1\" content=\"Est. reading time\" \/>\n\t<meta name=\"twitter:data1\" content=\"2 minut\u0117s\" \/>\n<script type=\"application\/ld+json\" class=\"yoast-schema-graph\">{\"@context\":\"https:\\\/\\\/schema.org\",\"@graph\":[{\"@type\":\"WebPage\",\"@id\":\"https:\\\/\\\/viveahora.es\\\/lt\\\/kontaktai\\\/\",\"url\":\"https:\\\/\\\/viveahora.es\\\/lt\\\/kontaktai\\\/\",\"name\":\"Susisiekite su mumis | Vive Ahora \u2013 J\u016bs\u0173 partneris Ispanijoje\",\"isPartOf\":{\"@id\":\"https:\\\/\\\/viveahora.es\\\/#website\"},\"primaryImageOfPage\":{\"@id\":\"https:\\\/\\\/viveahora.es\\\/lt\\\/kontaktai\\\/#primaryimage\"},\"image\":{\"@id\":\"https:\\\/\\\/viveahora.es\\\/lt\\\/kontaktai\\\/#primaryimage\"},\"thumbnailUrl\":\"https:\\\/\\\/viveahora.es\\\/wp-content\\\/uploads\\\/2025\\\/03\\\/Group-123.png\",\"datePublished\":\"2025-03-05T20:02:20+00:00\",\"dateModified\":\"2025-07-29T11:07:18+00:00\",\"description\":\"Turite klausim\u0173 apie nekilnojam\u0105j\u012f turt\u0105 Ispanijoje? Susisiekite \u2013 pad\u0117sime rasti geriausi\u0105 sprendim\u0105 gyvenimui ar investicijoms Costa del Sol regione.\",\"breadcrumb\":{\"@id\":\"https:\\\/\\\/viveahora.es\\\/lt\\\/kontaktai\\\/#breadcrumb\"},\"inLanguage\":\"lt-LT\",\"potentialAction\":[{\"@type\":\"ReadAction\",\"target\":[\"https:\\\/\\\/viveahora.es\\\/lt\\\/kontaktai\\\/\"]}]},{\"@type\":\"ImageObject\",\"inLanguage\":\"lt-LT\",\"@id\":\"https:\\\/\\\/viveahora.es\\\/lt\\\/kontaktai\\\/#primaryimage\",\"url\":\"https:\\\/\\\/viveahora.es\\\/wp-content\\\/uploads\\\/2025\\\/03\\\/Group-123.png\",\"contentUrl\":\"https:\\\/\\\/viveahora.es\\\/wp-content\\\/uploads\\\/2025\\\/03\\\/Group-123.png\"},{\"@type\":\"BreadcrumbList\",\"@id\":\"https:\\\/\\\/viveahora.es\\\/lt\\\/kontaktai\\\/#breadcrumb\",\"itemListElement\":[{\"@type\":\"ListItem\",\"position\":1,\"name\":\"Home\",\"item\":\"https:\\\/\\\/viveahora.es\\\/\"},{\"@type\":\"ListItem\",\"position\":2,\"name\":\"Kontaktai\"}]},{\"@type\":\"WebSite\",\"@id\":\"https:\\\/\\\/viveahora.es\\\/#website\",\"url\":\"https:\\\/\\\/viveahora.es\\\/\",\"name\":\"Vive Ahora\",\"description\":\"MAKE SPACE FOR THE LIFE YOU WANT\",\"potentialAction\":[{\"@type\":\"SearchAction\",\"target\":{\"@type\":\"EntryPoint\",\"urlTemplate\":\"https:\\\/\\\/viveahora.es\\\/?s={search_term_string}\"},\"query-input\":{\"@type\":\"PropertyValueSpecification\",\"valueRequired\":true,\"valueName\":\"search_term_string\"}}],\"inLanguage\":\"lt-LT\"}]}<\/script>\n<!-- \/ Yoast SEO plugin. -->","yoast_head_json":{"title":"Susisiekite su mumis | Vive Ahora \u2013 J\u016bs\u0173 partneris Ispanijoje","description":"Turite klausim\u0173 apie nekilnojam\u0105j\u012f turt\u0105 Ispanijoje? Susisiekite \u2013 pad\u0117sime rasti geriausi\u0105 sprendim\u0105 gyvenimui ar investicijoms Costa del Sol regione.","robots":{"index":"index","follow":"follow","max-snippet":"max-snippet:-1","max-image-preview":"max-image-preview:large","max-video-preview":"max-video-preview:-1"},"canonical":"https:\/\/viveahora.es\/lt\/kontaktai\/","og_locale":"lt_LT","og_type":"article","og_title":"Susisiekite su mumis | Vive Ahora \u2013 J\u016bs\u0173 partneris Ispanijoje","og_description":"Turite klausim\u0173 apie nekilnojam\u0105j\u012f turt\u0105 Ispanijoje? Susisiekite \u2013 pad\u0117sime rasti geriausi\u0105 sprendim\u0105 gyvenimui ar investicijoms Costa del Sol regione.","og_url":"https:\/\/viveahora.es\/lt\/kontaktai\/","og_site_name":"Vive Ahora","article_modified_time":"2025-07-29T11:07:18+00:00","og_image":[{"width":477,"height":369,"url":"https:\/\/viveahora.es\/wp-content\/uploads\/2025\/03\/Group-123.png","type":"image\/png"}],"twitter_card":"summary_large_image","twitter_misc":{"Est. reading time":"2 minut\u0117s"},"schema":{"@context":"https:\/\/schema.org","@graph":[{"@type":"WebPage","@id":"https:\/\/viveahora.es\/lt\/kontaktai\/","url":"https:\/\/viveahora.es\/lt\/kontaktai\/","name":"Susisiekite su mumis | Vive Ahora \u2013 J\u016bs\u0173 partneris Ispanijoje","isPartOf":{"@id":"https:\/\/viveahora.es\/#website"},"primaryImageOfPage":{"@id":"https:\/\/viveahora.es\/lt\/kontaktai\/#primaryimage"},"image":{"@id":"https:\/\/viveahora.es\/lt\/kontaktai\/#primaryimage"},"thumbnailUrl":"https:\/\/viveahora.es\/wp-content\/uploads\/2025\/03\/Group-123.png","datePublished":"2025-03-05T20:02:20+00:00","dateModified":"2025-07-29T11:07:18+00:00","description":"Turite klausim\u0173 apie nekilnojam\u0105j\u012f turt\u0105 Ispanijoje? Susisiekite \u2013 pad\u0117sime rasti geriausi\u0105 sprendim\u0105 gyvenimui ar investicijoms Costa del Sol regione.","breadcrumb":{"@id":"https:\/\/viveahora.es\/lt\/kontaktai\/#breadcrumb"},"inLanguage":"lt-LT","potentialAction":[{"@type":"ReadAction","target":["https:\/\/viveahora.es\/lt\/kontaktai\/"]}]},{"@type":"ImageObject","inLanguage":"lt-LT","@id":"https:\/\/viveahora.es\/lt\/kontaktai\/#primaryimage","url":"https:\/\/viveahora.es\/wp-content\/uploads\/2025\/03\/Group-123.png","contentUrl":"https:\/\/viveahora.es\/wp-content\/uploads\/2025\/03\/Group-123.png"},{"@type":"BreadcrumbList","@id":"https:\/\/viveahora.es\/lt\/kontaktai\/#breadcrumb","itemListElement":[{"@type":"ListItem","position":1,"name":"Home","item":"https:\/\/viveahora.es\/"},{"@type":"ListItem","position":2,"name":"Kontaktai"}]},{"@type":"WebSite","@id":"https:\/\/viveahora.es\/#website","url":"https:\/\/viveahora.es\/","name":"Vive Ahora","description":"MAKE SPACE FOR THE LIFE YOU WANT","potentialAction":[{"@type":"SearchAction","target":{"@type":"EntryPoint","urlTemplate":"https:\/\/viveahora.es\/?s={search_term_string}"},"query-input":{"@type":"PropertyValueSpecification","valueRequired":true,"valueName":"search_term_string"}}],"inLanguage":"lt-LT"}]}},"_links":{"self":[{"href":"https:\/\/viveahora.es\/lt\/wp-json\/wp\/v2\/pages\/806","targetHints":{"allow":["GET"]}}],"collection":[{"href":"https:\/\/viveahora.es\/lt\/wp-json\/wp\/v2\/pages"}],"about":[{"href":"https:\/\/viveahora.es\/lt\/wp-json\/wp\/v2\/types\/page"}],"author":[{"embeddable":true,"href":"https:\/\/viveahora.es\/lt\/wp-json\/wp\/v2\/users\/1"}],"replies":[{"embeddable":true,"href":"https:\/\/viveahora.es\/lt\/wp-json\/wp\/v2\/comments?post=806"}],"version-history":[{"count":8,"href":"https:\/\/viveahora.es\/lt\/wp-json\/wp\/v2\/pages\/806\/revisions"}],"predecessor-version":[{"id":1073,"href":"https:\/\/viveahora.es\/lt\/wp-json\/wp\/v2\/pages\/806\/revisions\/1073"}],"wp:attachment":[{"href":"https:\/\/viveahora.es\/lt\/wp-json\/wp\/v2\/media?parent=806"}],"curies":[{"name":"wp","href":"https:\/\/api.w.org\/{rel}","templated":true}]}}